{"id":747,"date":"2024-10-03T13:14:12","date_gmt":"2024-10-03T11:14:12","guid":{"rendered":"https:\/\/odontogirona.com\/historia\/"},"modified":"2025-06-02T13:28:15","modified_gmt":"2025-06-02T11:28:15","slug":"historia","status":"publish","type":"page","link":"https:\/\/odontogirona.com\/es\/historia\/","title":{"rendered":"Historia"},"content":{"rendered":"\t\t<div data-elementor-type=\"wp-page\" data-elementor-id=\"747\" class=\"elementor elementor-747 elementor-26\" data-elementor-post-type=\"page\">\n\t\t\t\t<div class=\"elementor-element elementor-element-e75352f e-con-full e-flex e-con e-parent\" data-id=\"e75352f\" data-element_type=\"container\" data-e-type=\"container\" data-settings=\"{&quot;background_background&quot;:&quot;classic&quot;}\">\n\t\t<div class=\"elementor-element elementor-element-533c54a e-con-full e-flex e-con e-child\" data-id=\"533c54a\" data-element_type=\"container\" data-e-type=\"container\">\n\t\t\t\t<div class=\"elementor-element elementor-element-048b3ca elementor-invisible elementor-widget elementor-widget-heading\" data-id=\"048b3ca\" data-element_type=\"widget\" data-e-type=\"widget\" data-settings=\"{&quot;_animation&quot;:&quot;fadeIn&quot;,&quot;_animation_delay&quot;:600}\" data-widget_type=\"heading.default\">\n\t\t\t\t<div class=\"elementor-widget-container\">\n\t\t\t\t\t<h2 class=\"elementor-heading-title elementor-size-default\">Historia<\/h2>\t\t\t\t<\/div>\n\t\t\t\t<\/div>\n\t\t\t\t<\/div>\n\t\t<div class=\"elementor-element elementor-element-ba83c10 e-con-full e-flex e-con e-child\" data-id=\"ba83c10\" data-element_type=\"container\" data-e-type=\"container\" data-settings=\"{&quot;background_background&quot;:&quot;classic&quot;}\">\n\t\t<div class=\"elementor-element elementor-element-801caa4 e-con-full e-flex e-con e-child\" data-id=\"801caa4\" data-element_type=\"container\" data-e-type=\"container\">\n\t\t<div class=\"elementor-element elementor-element-514c53e e-con-full animated-slow e-flex elementor-invisible e-con e-child\" data-id=\"514c53e\" data-element_type=\"container\" data-e-type=\"container\" data-settings=\"{&quot;animation&quot;:&quot;fadeIn&quot;,&quot;animation_delay&quot;:600}\">\n\t\t\t\t<div class=\"elementor-element elementor-element-5dd17d3 animated-slow elementor-invisible elementor-widget elementor-widget-text-editor\" data-id=\"5dd17d3\" data-element_type=\"widget\" data-e-type=\"widget\" data-settings=\"{&quot;_animation&quot;:&quot;fadeIn&quot;,&quot;_animation_delay&quot;:600}\" data-widget_type=\"text-editor.default\">\n\t\t\t\t<div class=\"elementor-widget-container\">\n\t\t\t\t\t\t\t\t\t<p><strong>El centro Odontomedic naci\u00f3 en el verano de 2008 en la ciudad de Girona fruto de la ilusi\u00f3n de un equipo de odont\u00f3logos motivado por llevar a cabo un camino marcado por la profesionalidad, la calidad del servicio y la empat\u00eda con las personas que nos visitan.<\/strong><\/p>\t\t\t\t\t\t\t\t<\/div>\n\t\t\t\t<\/div>\n\t\t\t\t<div class=\"elementor-element elementor-element-ab8b1e7 elementor-widget elementor-widget-spacer\" data-id=\"ab8b1e7\" data-element_type=\"widget\" data-e-type=\"widget\" data-widget_type=\"spacer.default\">\n\t\t\t\t<div class=\"elementor-widget-container\">\n\t\t\t\t\t\t\t<div class=\"elementor-spacer\">\n\t\t\t<div class=\"elementor-spacer-inner\"><\/div>\n\t\t<\/div>\n\t\t\t\t\t\t<\/div>\n\t\t\t\t<\/div>\n\t\t\t\t<div class=\"elementor-element elementor-element-53d3cce animated-slow elementor--h-position-center elementor--v-position-middle elementor-arrows-position-inside elementor-pagination-position-inside elementor-invisible elementor-widget elementor-widget-slides\" data-id=\"53d3cce\" data-element_type=\"widget\" data-e-type=\"widget\" data-settings=\"{&quot;_animation&quot;:&quot;fadeIn&quot;,&quot;_animation_delay&quot;:600,&quot;navigation&quot;:&quot;both&quot;,&quot;autoplay&quot;:&quot;yes&quot;,&quot;pause_on_hover&quot;:&quot;yes&quot;,&quot;pause_on_interaction&quot;:&quot;yes&quot;,&quot;autoplay_speed&quot;:5000,&quot;infinite&quot;:&quot;yes&quot;,&quot;transition&quot;:&quot;slide&quot;,&quot;transition_speed&quot;:500}\" data-widget_type=\"slides.default\">\n\t\t\t\t<div class=\"elementor-widget-container\">\n\t\t\t\t\t\t\t\t\t<div class=\"elementor-swiper\">\n\t\t\t\t\t<div class=\"elementor-slides-wrapper elementor-main-swiper swiper\" role=\"region\" aria-roledescription=\"carousel\" aria-label=\"Diapositives\" dir=\"ltr\" data-animation=\"fadeInUp\">\n\t\t\t\t<div class=\"swiper-wrapper elementor-slides\">\n\t\t\t\t\t\t\t\t\t\t<div class=\"elementor-repeater-item-974432c swiper-slide\" role=\"group\" aria-roledescription=\"slide\"><div class=\"swiper-slide-bg\" role=\"img\" aria-label=\"Vista a peu de carrer del Centre Odontom\u00e8dic Girona\"><\/div><div class=\"swiper-slide-inner\" ><div class=\"swiper-slide-contents\"><\/div><\/div><\/div><div class=\"elementor-repeater-item-fdb85c1 swiper-slide\" role=\"group\" aria-roledescription=\"slide\"><div class=\"swiper-slide-bg\" role=\"img\" aria-label=\"Equip Odontomedic historia\"><\/div><div class=\"swiper-slide-inner\" ><div class=\"swiper-slide-contents\"><\/div><\/div><\/div>\t\t\t\t<\/div>\n\t\t\t\t\t\t\t\t\t\t\t\t\t\t\t<div class=\"elementor-swiper-button elementor-swiper-button-prev\" role=\"button\" tabindex=\"0\" aria-label=\"Diapositiva anterior\">\n\t\t\t\t\t\t\t<svg aria-hidden=\"true\" class=\"e-font-icon-svg e-eicon-chevron-left\" viewBox=\"0 0 1000 1000\" xmlns=\"http:\/\/www.w3.org\/2000\/svg\"><path d=\"M646 125C629 125 613 133 604 142L308 442C296 454 292 471 292 487 292 504 296 521 308 533L604 854C617 867 629 875 646 875 663 875 679 871 692 858 704 846 713 829 713 812 713 796 708 779 692 767L438 487 692 225C700 217 708 204 708 187 708 171 704 154 692 142 675 129 663 125 646 125Z\"><\/path><\/svg>\t\t\t\t\t\t<\/div>\n\t\t\t\t\t\t<div class=\"elementor-swiper-button elementor-swiper-button-next\" role=\"button\" tabindex=\"0\" aria-label=\"Diapositiva siguiente\">\n\t\t\t\t\t\t\t<svg aria-hidden=\"true\" class=\"e-font-icon-svg e-eicon-chevron-right\" viewBox=\"0 0 1000 1000\" xmlns=\"http:\/\/www.w3.org\/2000\/svg\"><path d=\"M696 533C708 521 713 504 713 487 713 471 708 454 696 446L400 146C388 133 375 125 354 125 338 125 325 129 313 142 300 154 292 171 292 187 292 204 296 221 308 233L563 492 304 771C292 783 288 800 288 817 288 833 296 850 308 863 321 871 338 875 354 875 371 875 388 867 400 854L696 533Z\"><\/path><\/svg>\t\t\t\t\t\t<\/div>\n\t\t\t\t\t\t\t\t\t\t\t\t\t\t\t\t<div class=\"swiper-pagination\"><\/div>\n\t\t\t\t\t\t\t\t\t\t\t\t<\/div>\n\t\t\t\t<\/div>\n\t\t\t\t\t\t\t\t<\/div>\n\t\t\t\t<\/div>\n\t\t\t\t<\/div>\n\t\t<div class=\"elementor-element elementor-element-eba6441 e-con-full e-flex e-con e-child\" data-id=\"eba6441\" data-element_type=\"container\" data-e-type=\"container\">\n\t\t<div class=\"elementor-element elementor-element-4312dc5 e-con-full e-flex e-con e-child\" data-id=\"4312dc5\" data-element_type=\"container\" data-e-type=\"container\">\n\t\t<div class=\"elementor-element elementor-element-475879c e-con-full e-flex e-con e-child\" data-id=\"475879c\" data-element_type=\"container\" data-e-type=\"container\">\n\t\t\t\t<div class=\"elementor-element elementor-element-c4e1b74 elementor-invisible elementor-widget elementor-widget-heading\" data-id=\"c4e1b74\" data-element_type=\"widget\" data-e-type=\"widget\" data-settings=\"{&quot;_animation&quot;:&quot;fadeInDown&quot;,&quot;_animation_delay&quot;:600}\" data-widget_type=\"heading.default\">\n\t\t\t\t<div class=\"elementor-widget-container\">\n\t\t\t\t\t<h2 class=\"elementor-heading-title elementor-size-default\">2008<\/h2>\t\t\t\t<\/div>\n\t\t\t\t<\/div>\n\t\t\t\t<\/div>\n\t\t<div class=\"elementor-element elementor-element-77d9887 e-con-full e-flex e-con e-child\" data-id=\"77d9887\" data-element_type=\"container\" data-e-type=\"container\">\n\t\t\t\t<div class=\"elementor-element elementor-element-d357ee3 animated-slow elementor-widget-divider--view-line elementor-invisible elementor-widget elementor-widget-divider\" data-id=\"d357ee3\" data-element_type=\"widget\" data-e-type=\"widget\" data-settings=\"{&quot;_animation&quot;:&quot;zoomIn&quot;,&quot;_animation_delay&quot;:600}\" data-widget_type=\"divider.default\">\n\t\t\t\t<div class=\"elementor-widget-container\">\n\t\t\t\t\t\t\t<div class=\"elementor-divider\">\n\t\t\t<span class=\"elementor-divider-separator\">\n\t\t\t\t\t\t<\/span>\n\t\t<\/div>\n\t\t\t\t\t\t<\/div>\n\t\t\t\t<\/div>\n\t\t\t\t<\/div>\n\t\t<div class=\"elementor-element elementor-element-d200854 e-con-full e-flex e-con e-child\" data-id=\"d200854\" data-element_type=\"container\" data-e-type=\"container\">\n\t\t\t\t<div class=\"elementor-element elementor-element-9ff49bf elementor-invisible elementor-widget elementor-widget-heading\" data-id=\"9ff49bf\" data-element_type=\"widget\" data-e-type=\"widget\" data-settings=\"{&quot;_animation&quot;:&quot;fadeInUp&quot;,&quot;_animation_delay&quot;:1000}\" data-widget_type=\"heading.default\">\n\t\t\t\t<div class=\"elementor-widget-container\">\n\t\t\t\t\t<h2 class=\"elementor-heading-title elementor-size-default\">2026<\/h2>\t\t\t\t<\/div>\n\t\t\t\t<\/div>\n\t\t\t\t<\/div>\n\t\t\t\t<\/div>\n\t\t\t\t<div class=\"elementor-element elementor-element-6d06c64 animated-slow elementor-invisible elementor-widget elementor-widget-text-editor\" data-id=\"6d06c64\" data-element_type=\"widget\" data-e-type=\"widget\" data-settings=\"{&quot;_animation&quot;:&quot;fadeIn&quot;,&quot;_animation_delay&quot;:800}\" data-widget_type=\"text-editor.default\">\n\t\t\t\t<div class=\"elementor-widget-container\">\n\t\t\t\t\t\t\t\t\t<p>Bajo estas directrices hemos ido avanzando hasta nuestros d\u00edas, sostenidos por la satisfacci\u00f3n y la fidelidad de nuestros pacientes.<\/p><p>El af\u00e1n por mejorar constantemente, ser mejores profesionales y solucionar los retos que cada d\u00eda se nos plantean, hace que nuestro equipo de profesionales siga una l\u00ednea de formaci\u00f3n continuada y evoluci\u00f3n profesional, as\u00ed como nuestras instalaciones y aparatos, todo plegado pretendiendo ser un centro de vanguardia y referencia.<\/p><p>Estas premisas buscan, sin duda, ofrecer una odontolog\u00eda para todos, adapt\u00e1ndose a las necesidades y capacidades de cada uno, porque cada persona es \u00fanica, y requiere algo que es s\u00f3lo para ella.<\/p>\t\t\t\t\t\t\t\t<\/div>\n\t\t\t\t<\/div>\n\t\t\t\t<div class=\"elementor-element elementor-element-60df840 elementor-align-left animated-slow elementor-invisible elementor-widget elementor-widget-button\" data-id=\"60df840\" data-element_type=\"widget\" data-e-type=\"widget\" data-settings=\"{&quot;_animation&quot;:&quot;fadeInDown&quot;,&quot;_animation_delay&quot;:700}\" data-widget_type=\"button.default\">\n\t\t\t\t<div class=\"elementor-widget-container\">\n\t\t\t\t\t\t\t\t\t<div class=\"elementor-button-wrapper\">\n\t\t\t\t\t<a class=\"elementor-button elementor-button-link elementor-size-sm\" href=\"https:\/\/odontogirona.com\/es\/contacto\/\">\n\t\t\t\t\t\t<span class=\"elementor-button-content-wrapper\">\n\t\t\t\t\t\t<span class=\"elementor-button-icon\">\n\t\t\t\t<svg aria-hidden=\"true\" class=\"e-font-icon-svg e-fas-plus\" viewBox=\"0 0 448 512\" xmlns=\"http:\/\/www.w3.org\/2000\/svg\"><path d=\"M416 208H272V64c0-17.67-14.33-32-32-32h-32c-17.67 0-32 14.33-32 32v144H32c-17.67 0-32 14.33-32 32v32c0 17.67 14.33 32 32 32h144v144c0 17.67 14.33 32 32 32h32c17.67 0 32-14.33 32-32V304h144c17.67 0 32-14.33 32-32v-32c0-17.67-14.33-32-32-32z\"><\/path><\/svg>\t\t\t<\/span>\n\t\t\t\t\t\t\t\t\t<span class=\"elementor-button-text\">Contacto<\/span>\n\t\t\t\t\t<\/span>\n\t\t\t\t\t<\/a>\n\t\t\t\t<\/div>\n\t\t\t\t\t\t\t\t<\/div>\n\t\t\t\t<\/div>\n\t\t\t\t<\/div>\n\t\t\t\t<\/div>\n\t\t\t\t<\/div>\n\t\t\t\t<\/div>\n\t\t\t\t<\/div>\n\t\t","protected":false},"excerpt":{"rendered":"<p>Historia El centro Odontomedic naci\u00f3 en el verano de 2008 en la ciudad de Girona fruto de la ilusi\u00f3n de un equipo de odont\u00f3logos motivado por llevar a cabo un camino marcado por la profesionalidad, la calidad del servicio y la empat\u00eda con las personas que nos visitan. 2008 Bajo estas directrices hemos ido avanzando [&hellip;]<\/p>\n","protected":false},"author":1,"featured_media":424,"parent":0,"menu_order":0,"comment_status":"closed","ping_status":"closed","template":"elementor_header_footer","meta":{"footnotes":""},"class_list":["post-747","page","type-page","status-publish","has-post-thumbnail","hentry"],"yoast_head":"<!-- This site is optimized with the Yoast SEO plugin v27.4 - https:\/\/yoast.com\/product\/yoast-seo-wordpress\/ -->\n<title>Odonto M\u00e8dic Girona - Historia<\/title>\n<meta name=\"description\" content=\"Descubre la historia de Odonto M\u00e8dic Girona: a\u00f1os de experiencia y dedicaci\u00f3n ofreciendo los mejores servicios odontol\u00f3gicos en Girona.\" \/>\n<meta name=\"robots\" content=\"index, follow, max-snippet:-1, max-image-preview:large, max-video-preview:-1\" \/>\n<link rel=\"canonical\" href=\"https:\/\/odontogirona.com\/es\/historia\/\" \/>\n<meta property=\"og:locale\" content=\"es_ES\" \/>\n<meta property=\"og:type\" content=\"article\" \/>\n<meta property=\"og:title\" content=\"Odonto M\u00e8dic Girona - Historia\" \/>\n<meta property=\"og:description\" content=\"Descubre la historia de Odonto M\u00e8dic Girona: a\u00f1os de experiencia y dedicaci\u00f3n ofreciendo los mejores servicios odontol\u00f3gicos en Girona.\" \/>\n<meta property=\"og:url\" content=\"https:\/\/odontogirona.com\/es\/historia\/\" \/>\n<meta property=\"og:site_name\" content=\"Odonto M\u00e8dic Girona\" \/>\n<meta property=\"article:publisher\" content=\"https:\/\/www.facebook.com\/p\/Odontomedic-Centre-odontolgic-Girona-100065433253294\/?locale=gl_ES\" \/>\n<meta property=\"article:modified_time\" content=\"2025-06-02T11:28:15+00:00\" \/>\n<meta property=\"og:image\" content=\"https:\/\/odontogirona.com\/wp-content\/uploads\/2024\/10\/2018-08-06-3.jpg\" \/>\n\t<meta property=\"og:image:width\" content=\"2000\" \/>\n\t<meta property=\"og:image:height\" content=\"1325\" \/>\n\t<meta property=\"og:image:type\" content=\"image\/jpeg\" \/>\n<meta name=\"twitter:card\" content=\"summary_large_image\" \/>\n<meta name=\"twitter:label1\" content=\"Tiempo de lectura\" \/>\n\t<meta name=\"twitter:data1\" content=\"1 minuto\" \/>\n<script type=\"application\/ld+json\" class=\"yoast-schema-graph\">{\"@context\":\"https:\\\/\\\/schema.org\",\"@graph\":[{\"@type\":\"WebPage\",\"@id\":\"https:\\\/\\\/odontogirona.com\\\/es\\\/historia\\\/\",\"url\":\"https:\\\/\\\/odontogirona.com\\\/es\\\/historia\\\/\",\"name\":\"Odonto M\u00e8dic Girona - Historia\",\"isPartOf\":{\"@id\":\"https:\\\/\\\/odontogirona.com\\\/es\\\/#website\"},\"primaryImageOfPage\":{\"@id\":\"https:\\\/\\\/odontogirona.com\\\/es\\\/historia\\\/#primaryimage\"},\"image\":{\"@id\":\"https:\\\/\\\/odontogirona.com\\\/es\\\/historia\\\/#primaryimage\"},\"thumbnailUrl\":\"https:\\\/\\\/odontogirona.com\\\/wp-content\\\/uploads\\\/2024\\\/10\\\/2018-08-06-3.jpg\",\"datePublished\":\"2024-10-03T11:14:12+00:00\",\"dateModified\":\"2025-06-02T11:28:15+00:00\",\"description\":\"Descubre la historia de Odonto M\u00e8dic Girona: a\u00f1os de experiencia y dedicaci\u00f3n ofreciendo los mejores servicios odontol\u00f3gicos en Girona.\",\"breadcrumb\":{\"@id\":\"https:\\\/\\\/odontogirona.com\\\/es\\\/historia\\\/#breadcrumb\"},\"inLanguage\":\"es\",\"potentialAction\":[{\"@type\":\"ReadAction\",\"target\":[\"https:\\\/\\\/odontogirona.com\\\/es\\\/historia\\\/\"]}]},{\"@type\":\"ImageObject\",\"inLanguage\":\"es\",\"@id\":\"https:\\\/\\\/odontogirona.com\\\/es\\\/historia\\\/#primaryimage\",\"url\":\"https:\\\/\\\/odontogirona.com\\\/wp-content\\\/uploads\\\/2024\\\/10\\\/2018-08-06-3.jpg\",\"contentUrl\":\"https:\\\/\\\/odontogirona.com\\\/wp-content\\\/uploads\\\/2024\\\/10\\\/2018-08-06-3.jpg\",\"width\":2000,\"height\":1325,\"caption\":\"Equip Odontom\u00e8dic Girona\"},{\"@type\":\"BreadcrumbList\",\"@id\":\"https:\\\/\\\/odontogirona.com\\\/es\\\/historia\\\/#breadcrumb\",\"itemListElement\":[{\"@type\":\"ListItem\",\"position\":1,\"name\":\"Inici\",\"item\":\"https:\\\/\\\/odontogirona.com\\\/es\\\/inicio\\\/\"},{\"@type\":\"ListItem\",\"position\":2,\"name\":\"Historia\"}]},{\"@type\":\"WebSite\",\"@id\":\"https:\\\/\\\/odontogirona.com\\\/es\\\/#website\",\"url\":\"https:\\\/\\\/odontogirona.com\\\/es\\\/\",\"name\":\"Odonto M\u00e8dic. Centre Odotol\u00f2gic Girona\",\"description\":\"El teu centre odontol\u00f2gic a GIrona\",\"publisher\":{\"@id\":\"https:\\\/\\\/odontogirona.com\\\/es\\\/#organization\"},\"potentialAction\":[{\"@type\":\"SearchAction\",\"target\":{\"@type\":\"EntryPoint\",\"urlTemplate\":\"https:\\\/\\\/odontogirona.com\\\/es\\\/?s={search_term_string}\"},\"query-input\":{\"@type\":\"PropertyValueSpecification\",\"valueRequired\":true,\"valueName\":\"search_term_string\"}}],\"inLanguage\":\"es\"},{\"@type\":\"Organization\",\"@id\":\"https:\\\/\\\/odontogirona.com\\\/es\\\/#organization\",\"name\":\"Odonto M\u00e8dic, Centre Odotol\u00f2gic Girona\",\"url\":\"https:\\\/\\\/odontogirona.com\\\/es\\\/\",\"logo\":{\"@type\":\"ImageObject\",\"inLanguage\":\"es\",\"@id\":\"https:\\\/\\\/odontogirona.com\\\/es\\\/#\\\/schema\\\/logo\\\/image\\\/\",\"url\":\"https:\\\/\\\/odontogirona.com\\\/wp-content\\\/uploads\\\/2024\\\/08\\\/ofontomedic-girona-simbol.webp\",\"contentUrl\":\"https:\\\/\\\/odontogirona.com\\\/wp-content\\\/uploads\\\/2024\\\/08\\\/ofontomedic-girona-simbol.webp\",\"width\":186,\"height\":186,\"caption\":\"Odonto M\u00e8dic, Centre Odotol\u00f2gic Girona\"},\"image\":{\"@id\":\"https:\\\/\\\/odontogirona.com\\\/es\\\/#\\\/schema\\\/logo\\\/image\\\/\"},\"sameAs\":[\"https:\\\/\\\/www.facebook.com\\\/p\\\/Odontomedic-Centre-odontolgic-Girona-100065433253294\\\/?locale=gl_ES\",\"https:\\\/\\\/www.instagram.com\\\/odontogirona\\\/\"]}]}<\/script>\n<!-- \/ Yoast SEO plugin. -->","yoast_head_json":{"title":"Odonto M\u00e8dic Girona - Historia","description":"Descubre la historia de Odonto M\u00e8dic Girona: a\u00f1os de experiencia y dedicaci\u00f3n ofreciendo los mejores servicios odontol\u00f3gicos en Girona.","robots":{"index":"index","follow":"follow","max-snippet":"max-snippet:-1","max-image-preview":"max-image-preview:large","max-video-preview":"max-video-preview:-1"},"canonical":"https:\/\/odontogirona.com\/es\/historia\/","og_locale":"es_ES","og_type":"article","og_title":"Odonto M\u00e8dic Girona - Historia","og_description":"Descubre la historia de Odonto M\u00e8dic Girona: a\u00f1os de experiencia y dedicaci\u00f3n ofreciendo los mejores servicios odontol\u00f3gicos en Girona.","og_url":"https:\/\/odontogirona.com\/es\/historia\/","og_site_name":"Odonto M\u00e8dic Girona","article_publisher":"https:\/\/www.facebook.com\/p\/Odontomedic-Centre-odontolgic-Girona-100065433253294\/?locale=gl_ES","article_modified_time":"2025-06-02T11:28:15+00:00","og_image":[{"width":2000,"height":1325,"url":"https:\/\/odontogirona.com\/wp-content\/uploads\/2024\/10\/2018-08-06-3.jpg","type":"image\/jpeg"}],"twitter_card":"summary_large_image","twitter_misc":{"Tiempo de lectura":"1 minuto"},"schema":{"@context":"https:\/\/schema.org","@graph":[{"@type":"WebPage","@id":"https:\/\/odontogirona.com\/es\/historia\/","url":"https:\/\/odontogirona.com\/es\/historia\/","name":"Odonto M\u00e8dic Girona - Historia","isPartOf":{"@id":"https:\/\/odontogirona.com\/es\/#website"},"primaryImageOfPage":{"@id":"https:\/\/odontogirona.com\/es\/historia\/#primaryimage"},"image":{"@id":"https:\/\/odontogirona.com\/es\/historia\/#primaryimage"},"thumbnailUrl":"https:\/\/odontogirona.com\/wp-content\/uploads\/2024\/10\/2018-08-06-3.jpg","datePublished":"2024-10-03T11:14:12+00:00","dateModified":"2025-06-02T11:28:15+00:00","description":"Descubre la historia de Odonto M\u00e8dic Girona: a\u00f1os de experiencia y dedicaci\u00f3n ofreciendo los mejores servicios odontol\u00f3gicos en Girona.","breadcrumb":{"@id":"https:\/\/odontogirona.com\/es\/historia\/#breadcrumb"},"inLanguage":"es","potentialAction":[{"@type":"ReadAction","target":["https:\/\/odontogirona.com\/es\/historia\/"]}]},{"@type":"ImageObject","inLanguage":"es","@id":"https:\/\/odontogirona.com\/es\/historia\/#primaryimage","url":"https:\/\/odontogirona.com\/wp-content\/uploads\/2024\/10\/2018-08-06-3.jpg","contentUrl":"https:\/\/odontogirona.com\/wp-content\/uploads\/2024\/10\/2018-08-06-3.jpg","width":2000,"height":1325,"caption":"Equip Odontom\u00e8dic Girona"},{"@type":"BreadcrumbList","@id":"https:\/\/odontogirona.com\/es\/historia\/#breadcrumb","itemListElement":[{"@type":"ListItem","position":1,"name":"Inici","item":"https:\/\/odontogirona.com\/es\/inicio\/"},{"@type":"ListItem","position":2,"name":"Historia"}]},{"@type":"WebSite","@id":"https:\/\/odontogirona.com\/es\/#website","url":"https:\/\/odontogirona.com\/es\/","name":"Odonto M\u00e8dic. Centre Odotol\u00f2gic Girona","description":"El teu centre odontol\u00f2gic a GIrona","publisher":{"@id":"https:\/\/odontogirona.com\/es\/#organization"},"potentialAction":[{"@type":"SearchAction","target":{"@type":"EntryPoint","urlTemplate":"https:\/\/odontogirona.com\/es\/?s={search_term_string}"},"query-input":{"@type":"PropertyValueSpecification","valueRequired":true,"valueName":"search_term_string"}}],"inLanguage":"es"},{"@type":"Organization","@id":"https:\/\/odontogirona.com\/es\/#organization","name":"Odonto M\u00e8dic, Centre Odotol\u00f2gic Girona","url":"https:\/\/odontogirona.com\/es\/","logo":{"@type":"ImageObject","inLanguage":"es","@id":"https:\/\/odontogirona.com\/es\/#\/schema\/logo\/image\/","url":"https:\/\/odontogirona.com\/wp-content\/uploads\/2024\/08\/ofontomedic-girona-simbol.webp","contentUrl":"https:\/\/odontogirona.com\/wp-content\/uploads\/2024\/08\/ofontomedic-girona-simbol.webp","width":186,"height":186,"caption":"Odonto M\u00e8dic, Centre Odotol\u00f2gic Girona"},"image":{"@id":"https:\/\/odontogirona.com\/es\/#\/schema\/logo\/image\/"},"sameAs":["https:\/\/www.facebook.com\/p\/Odontomedic-Centre-odontolgic-Girona-100065433253294\/?locale=gl_ES","https:\/\/www.instagram.com\/odontogirona\/"]}]}},"_links":{"self":[{"href":"https:\/\/odontogirona.com\/es\/wp-json\/wp\/v2\/pages\/747","targetHints":{"allow":["GET"]}}],"collection":[{"href":"https:\/\/odontogirona.com\/es\/wp-json\/wp\/v2\/pages"}],"about":[{"href":"https:\/\/odontogirona.com\/es\/wp-json\/wp\/v2\/types\/page"}],"author":[{"embeddable":true,"href":"https:\/\/odontogirona.com\/es\/wp-json\/wp\/v2\/users\/1"}],"replies":[{"embeddable":true,"href":"https:\/\/odontogirona.com\/es\/wp-json\/wp\/v2\/comments?post=747"}],"version-history":[{"count":6,"href":"https:\/\/odontogirona.com\/es\/wp-json\/wp\/v2\/pages\/747\/revisions"}],"predecessor-version":[{"id":908,"href":"https:\/\/odontogirona.com\/es\/wp-json\/wp\/v2\/pages\/747\/revisions\/908"}],"wp:featuredmedia":[{"embeddable":true,"href":"https:\/\/odontogirona.com\/es\/wp-json\/wp\/v2\/media\/424"}],"wp:attachment":[{"href":"https:\/\/odontogirona.com\/es\/wp-json\/wp\/v2\/media?parent=747"}],"curies":[{"name":"wp","href":"https:\/\/api.w.org\/{rel}","templated":true}]}}