{"id":766,"date":"2024-10-17T08:37:01","date_gmt":"2024-10-17T06:37:01","guid":{"rendered":"https:\/\/odontogirona.com\/politica-de-cookies\/"},"modified":"2025-01-24T12:53:56","modified_gmt":"2025-01-24T11:53:56","slug":"politica-de-cookies","status":"publish","type":"page","link":"https:\/\/odontogirona.com\/es\/politica-de-cookies\/","title":{"rendered":"Pol\u00edtica de cookies"},"content":{"rendered":"\t\t<div data-elementor-type=\"wp-page\" data-elementor-id=\"766\" class=\"elementor elementor-766 elementor-510\" data-elementor-post-type=\"page\">\n\t\t\t\t<div class=\"elementor-element elementor-element-b662f18 e-flex e-con-boxed e-con e-parent\" data-id=\"b662f18\" data-element_type=\"container\" data-e-type=\"container\">\n\t\t\t\t\t<div class=\"e-con-inner\">\n\t\t\t\t<div class=\"elementor-element elementor-element-4f3b921 elementor-widget elementor-widget-spacer\" data-id=\"4f3b921\" data-element_type=\"widget\" data-e-type=\"widget\" data-widget_type=\"spacer.default\">\n\t\t\t\t<div class=\"elementor-widget-container\">\n\t\t\t\t\t\t\t<div class=\"elementor-spacer\">\n\t\t\t<div class=\"elementor-spacer-inner\"><\/div>\n\t\t<\/div>\n\t\t\t\t\t\t<\/div>\n\t\t\t\t<\/div>\n\t\t\t\t<div class=\"elementor-element elementor-element-879687c elementor-widget elementor-widget-heading\" data-id=\"879687c\" data-element_type=\"widget\" data-e-type=\"widget\" data-settings=\"{&quot;_animation_mobile&quot;:&quot;fadeIn&quot;}\" data-widget_type=\"heading.default\">\n\t\t\t\t<div class=\"elementor-widget-container\">\n\t\t\t\t\t<h2 class=\"elementor-heading-title elementor-size-default\">Pol\u00edtica de cookies<\/h2>\t\t\t\t<\/div>\n\t\t\t\t<\/div>\n\t\t\t\t<div class=\"elementor-element elementor-element-43080fd elementor-widget elementor-widget-text-editor\" data-id=\"43080fd\" data-element_type=\"widget\" data-e-type=\"widget\" data-settings=\"{&quot;_animation_mobile&quot;:&quot;fadeIn&quot;}\" data-widget_type=\"text-editor.default\">\n\t\t\t\t<div class=\"elementor-widget-container\">\n\t\t\t\t\t\t\t\t\t<\/p>\n<div>\n<p class=\"p2\"><span style=\"color: #546eb4;\">Nuestro sitio web utiliza una tecnolog\u00eda llamada \u201ccookie\u201d, con el fin de poder obtener informaci\u00f3n sobre el uso del sitio web, mejorar la experiencia del usuario y garantizar su correcto funcionamiento.<\/span><\/p>\n<p class=\"p4\"><span style=\"color: #546eb4;\"><b>Definici\u00f3n de Cookie<\/b><\/span><\/p>\n<p class=\"p5\"><span style=\"color: #546eb4;\">Una \u201ccookie\u201d es un peque\u00f1o fragmento de texto que los sitios web env\u00edan al navegador y que se almacenan en el terminal del usuario, (ordenador o dispositivo m\u00f3vil). Estos archivos tienen la finalidad de almacenar datos que podr\u00e1n ser actualizados y recuperados por la entidad responsable de su instalaci\u00f3n. As\u00ed, cada vez que el usuario vuelve a visitar el mismo sitio web, el explorador recupera el archivo y lo env\u00eda al servidor del sitio web. Las cookies tienen diversas funciones entre las que se incluyen, la de recoger informaci\u00f3n sobre las preferencias del usuario y recordarla, y en general, facilitar el uso del sitio web al usuario haciendo que el sitio sea m\u00e1s \u00fatil al personalizar su contenido.   <\/span><\/p>\n<p class=\"p6\"><span style=\"color: #546eb4;\">Las cookies se pueden clasificar en base a distintos par\u00e1metros:<\/span><\/p>\n<p class=\"p6\"><span style=\"color: #546eb4;\"><span class=\"s1\"><b>1.- Titularidad:<\/b><\/span> <span class=\"s2\">cookies propias y cookies de terceros:<\/span> dependiendo de cu\u00e1l sea la entidad que gestione el dominio desde donde se env\u00edan las cookies y se traten los datos que se obtengan.<\/span><\/p>\n<p class=\"p6\"><span style=\"color: #546eb4;\"><span class=\"s1\"><b>2.- Duraci\u00f3n:<\/b><\/span> <span class=\"s2\">cookies de sesi\u00f3n y cookies persistentes:<\/span> de acuerdo con el plazo de tiempo que permanecen almacenadas en el terminal del usuario.<\/span><\/p>\n<p class=\"p7\"><span style=\"color: #546eb4;\"><span class=\"s1\"><b>3.- Finalidad:<\/b><\/span> <span class=\"s2\">cookies t\u00e9cnicas, cookies de personalizaci\u00f3n, cookies de an\u00e1lisis, cookies publicitarias, cookies de publicidad comportamental<\/span> : de acuerdo con la finalidad para la que se traten los datos obtenidos.<\/span><\/p>\n<ul class=\"ul1\">\n<li class=\"li2\"><span style=\"color: #546eb4;\"><span class=\"s4\">Cookies t\u00e9cnicas:<\/span><span class=\"s5\">  Son aqu\u00e9llas que permiten al usuario la navegaci\u00f3n a trav\u00e9s de la p\u00e1gina web o aplicaci\u00f3n y la utilizaci\u00f3n de las diferentes opciones o servicios que en ella existen. Por ejemplo, controlar el tr\u00e1fico y la comunicaci\u00f3n de datos, identificar la sesi\u00f3n o acceder a las partes web de acceso restringido. <\/span><\/span><\/li>\n<li class=\"li2\"><span style=\"color: #546eb4;\"><span class=\"s4\">Cookies de personalizaci\u00f3n:<\/span><span class=\"s5\">  Son aqu\u00e9llas que permiten al usuario acceder al servicio con algunas caracter\u00edsticas de car\u00e1cter general predefinidas en su terminal o que el propio usuario defina. Por ejemplo, el idioma, el tipo de navegador a trav\u00e9s del cual accede al servicio o dise\u00f1o de contenidos seleccionado. <\/span><\/span><\/li>\n<li class=\"li2\"><span style=\"color: #546eb4;\"><span class=\"s4\">Cookies de an\u00e1lisis:<\/span><span class=\"s5\">  Son aquellas que o bien tratadas por nosotros o por terceros, nos permiten cuantificar el n\u00famero de usuarios y as\u00ed realizar el an\u00e1lisis estad\u00edstico de la utilizaci\u00f3n que realizan los usuarios del servicio ofrecido. Por eso se analiza su navegaci\u00f3n en nuestra p\u00e1gina web para mejorar la oferta de productos o servicios que le ofrecemos. <\/span><\/span><\/li>\n<li class=\"li2\"><span style=\"color: #546eb4;\"><span class=\"s4\">Cookies publicitarias<\/span> <span class=\"s5\">:<\/span><b> <\/b><span class=\"s5\">Son aquellas que permiten la gesti\u00f3n, de la forma m\u00e1s eficaz posible, de los espacios publicitarios que, en su caso, el editor haya incluido en una p\u00e1gina web, aplicaci\u00f3n o plataforma desde la que presta el servicio solicitado en base a criterios como el contenido editado o la frecuencia en la que se muestran los anuncios.<\/span><\/span><\/li>\n<li class=\"li2\"><span style=\"color: #546eb4;\"><span class=\"s4\">Cookies de publicidad comportamental<\/span> <span class=\"s5\">:<\/span><b> <\/b><span class=\"s5\">Son aquellas que permiten la gesti\u00f3n, de la forma m\u00e1s eficaz posible, de los espacios publicitarios que, en su caso, el editor haya incluido en una p\u00e1gina web, aplicaci\u00f3n o plataforma desde la que presta el servicio solicitado. Estas cookies almacenan informaci\u00f3n del comportamiento de los usuarios obtenida a trav\u00e9s de la observaci\u00f3n continua de sus h\u00e1bitos de navegaci\u00f3n, lo que permite desarrollar un perfil espec\u00edfico para mostrar publicidad en funci\u00f3n del mismo. <\/span><\/span><\/li>\n<\/ul>\n<p class=\"p8\"><span style=\"color: #546eb4;\"><b>Cookies utilizadas en nuestro sitio web<\/b><\/span><\/p>\n<p class=\"p9\"><span style=\"color: #546eb4;\">Nuestro sitio web utiliza tanto cookies propias, que son las enviadas a su ordenador y gestionadas exclusivamente por nosotros para el mejor funcionamiento del sitio web, como cookies de terceros, con la funci\u00f3n de servir para la interacci\u00f3n de los usuarios con nosotros.<\/span><\/p>\n<p class=\"p7\"><span style=\"color: #546eb4;\">Nuestro sitio web utiliza tanto cookies temporales de sesi\u00f3n como cookies persistentes. Las cookies de sesi\u00f3n almacenan datos \u00fanicamente mientras el usuario accede a la web y las cookies persistentes almacenan los datos en el terminal para que sean accedidas y utilizadas en m\u00e1s de una sesi\u00f3n. <\/span><\/p>\n<p class=\"p10\"><span style=\"color: #546eb4;\">Concretamente, las cookies que precisan de consentimiento utilizadas en nuestro sitio web son:<\/span><\/p>\n<table class=\"t1\" cellspacing=\"0\" cellpadding=\"0\">\n<tbody>\n<tr>\n<td class=\"td1\" valign=\"top\">\n<p class=\"p12\"><span style=\"color: #546eb4;\"><b>Nombre<\/b><\/span><\/p>\n<\/td>\n<td class=\"td2\" valign=\"middle\">\n<p class=\"p12\"><span style=\"color: #546eb4;\"><b>Titular<\/b><\/span><\/p>\n<\/td>\n<td class=\"td3\" valign=\"top\">\n<p class=\"p12\"><span style=\"color: #546eb4;\"><b>Finalidad<\/b><\/span><\/p>\n<\/td>\n<td class=\"td4\" valign=\"top\">\n<p class=\"p12\"><span style=\"color: #546eb4;\"><b>Duraci\u00f3n<\/b><\/span><\/p>\n<\/td>\n<\/tr>\n<tr>\n<td class=\"td5\" valign=\"middle\">\n<p class=\"p13\"><span style=\"color: #546eb4;\">_ga<\/span><\/p>\n<p class=\"p13\"><span style=\"color: #546eb4;\">_gid<\/span><\/p>\n<p class=\"p13\"><span style=\"color: #546eb4;\">_gat_gtag<\/span><\/p>\n<\/td>\n<td class=\"td6\" valign=\"middle\">\n<p class=\"p15\"><span class=\"s5\" style=\"color: #546eb4;\">. <a style=\"color: #546eb4;\" href=\"http:\/\/odontogirona.com\/\">odontogirona.com<\/a><\/span><\/p>\n<\/td>\n<td class=\"td7\" valign=\"middle\">\n<p class=\"p16\"><span style=\"color: #546eb4;\"><b>Anal\u00edticas:<\/b><\/span><\/p>\n<ul class=\"ul1\">\n<li class=\"li17\"><span style=\"color: #546eb4;\">Generar un identificador de usuario \u00fanico, que es el que se utiliza para hacer recuento de cu\u00e1ntas veces visita el sitio un usuario, as\u00ed como la fecha de la primera y \u00faltima vez que visit\u00f3 la web.<\/span><\/li>\n<li class=\"li17\"><span style=\"color: #546eb4;\">Registrar la fecha y hora de acceso.<\/span><\/li>\n<li class=\"li17\"><span style=\"color: #546eb4;\">Comprobar la necesidad de mantener la sesi\u00f3n de un usuario abierta o crear una nueva.<\/span><\/li>\n<li class=\"li17\"><span style=\"color: #546eb4;\">Identificar la sesi\u00f3n del usuario para recoger la ubicaci\u00f3n geogr\u00e1fica aproximada del ordenador que accede a la web con efectos estad\u00edsticos.<\/span><\/li>\n<li class=\"li17\"><span style=\"color: #546eb4;\">M\u00e1s info: <a style=\"color: #546eb4;\" href=\"https:\/\/developers.google.com\/analytics\/devguides\/collection\/analyticsjs\/cookie-usage?hl=es\">Google LLC.<\/a> (Google Analytics)<\/span><\/li>\n<\/ul>\n<\/td>\n<td class=\"td8\" valign=\"middle\">\n<p class=\"p13\"><span style=\"color: #546eb4;\">_ga: 2 a\u00f1os<\/span><\/p>\n<p class=\"p13\"><span style=\"color: #546eb4;\">_gid: 24 horas<\/span><\/p>\n<p class=\"p18\"><span style=\"color: #546eb4;\">_gat_gtag: 2 minutos<\/span><\/p>\n<\/td>\n<\/tr>\n<\/tbody>\n<\/table>\n<p class=\"p19\"><span style=\"color: #546eb4;\">Para obtener m\u00e1s informaci\u00f3n sobre las cookies de este tercero puede pulsar sobre el enlace que hay a su nombre.<\/span><\/p>\n<p class=\"p10\"><span style=\"color: #546eb4;\">Por \u00faltimo, tambi\u00e9n se utilizan cookies de complemento (plug-in) para intercambiar contenidos sociales.<\/span><\/p>\n<p class=\"p21\"><span style=\"color: #546eb4;\"><b>Consentimiento<\/b><\/span><\/p>\n<p class=\"p10\"><span style=\"color: #546eb4;\">El consentimiento para el uso de las cookies antes enunciadas, por los plazos se\u00f1alados y en las condiciones contenidas en la presente Pol\u00edtica de Cookies, se obtendr\u00e1 con la aceptaci\u00f3n del aviso inicial de informaci\u00f3n sobre las cookies que se visualizan en el momento en el que carga nuestra web.<\/span><\/p>\n<p class=\"p22\"><span style=\"color: #546eb4;\"><b>Retirada del consentimiento<\/b><\/span><\/p>\n<p class=\"p23\"><span style=\"color: #546eb4;\">El usuario podr\u00e1 retirar en cualquier momento su consentimiento relacionado con esta Pol\u00edtica de Cookies, por lo que deber\u00e1 eliminar las cookies almacenadas en su equipo utilizando los ajustes y configuraciones de su navegador de Internet.<\/span><\/p>\n<p class=\"p22\"><span style=\"color: #546eb4;\"><b>\u00bfC\u00f3mo deshabilitar las cookies en los principales navegadores?<\/b><\/span><\/p>\n<p class=\"p25\"><span style=\"color: #546eb4;\">Aunque puede variar ligeramente de una versi\u00f3n de navegador a otra, la configuraci\u00f3n de la pol\u00edtica de cookies para los navegadores m\u00e1s utilizados es la siguiente:<\/span><\/p>\n<ul class=\"ul2\">\n<li class=\"li26\"><span style=\"color: #546eb4;\"><span class=\"s11\"><b>Internet Explorer:<\/b><\/span><span class=\"s12\"> <\/span><span class=\"s5\">Herramientas -&gt; Opciones de Internet -&gt; Privacidad -&gt; Configuraci\u00f3n.<\/span><\/span><\/li>\n<li class=\"li26\"><span style=\"color: #546eb4;\"><span class=\"s11\"><b>Firefox:<\/b><\/span><span class=\"s12\"> <\/span><span class=\"s5\">Herramientas -&gt; Opciones -&gt; Privacidad -&gt; Hist\u00f3rico -&gt; Configuraci\u00f3n Personalizada.<\/span><\/span><\/li>\n<li class=\"li26\"><span style=\"color: #546eb4;\"><span class=\"s11\"><b>Chrome:<\/b><\/span><span class=\"s12\"> <\/span><span class=\"s5\">Configuraci\u00f3n -&gt; Muestra opciones avanzadas -&gt; Privacidad -&gt; Configuraci\u00f3n de contenido.<\/span><\/span><\/li>\n<li class=\"li26\"><span style=\"color: #546eb4;\"><span class=\"s11\"><b>Safari:<\/b><\/span><span class=\"s12\"> <\/span><span class=\"s5\">Preferencias -&gt; Seguridad.<\/span><\/span><\/li>\n<li class=\"li26\"><span style=\"color: #546eb4;\"><span class=\"s11\"><b>Opera:<\/b><\/span><span class=\"s12\"> <\/span><span class=\"s5\">Configuraci\u00f3n -&gt; Privacidad y seguridad.<\/span><\/span><\/li>\n<\/ul>\n<p class=\"p25\"><span style=\"color: #546eb4;\">Para m\u00e1s informaci\u00f3n, puede consultar el soporte o la ayuda de su navegador oa trav\u00e9s de los siguientes enlaces: <a style=\"color: #546eb4;\" href=\"https:\/\/support.apple.com\/kb\/ph17191?locale=es_ES\"><span class=\"s13\"><b>Safari<\/b><\/span><\/a><span class=\"s13\"><b>,  <\/b><a style=\"color: #546eb4;\" href=\"https:\/\/support.google.com\/chrome\/answer\/95647?hl=es\"><span class=\"s2\"><b>Chrome<\/b><\/span><\/a><b>,  <\/b><a style=\"color: #546eb4;\" href=\"https:\/\/support.mozilla.org\/es\/kb\/habilitar-y-deshabilitar-cookies-sitios-web-rastrear-preferencias?redirectlocale=es&amp;redirectslug=habilitar-y-deshabilitar-cookies-que-los-sitios-we\"><span class=\"s2\"><b>Firefox<\/b><\/span><\/a><b>,  <\/b><a style=\"color: #546eb4;\" href=\"https:\/\/support.microsoft.com\/es-es\/help\/17442\/windows-internet-explorer-delete-manage-cookies\"><span class=\"s2\"><b>Explorer<\/b><\/span><\/a><b>,  <\/b><a style=\"color: #546eb4;\" href=\"http:\/\/help.opera.com\/Windows\/11.50\/es-ES\/cookies.html\"><span class=\"s2\"><b>Opera<\/b><\/span><\/a><b>.<\/b><\/span><\/span><\/p>\n<p class=\"p28\"><span style=\"color: #546eb4;\">Adem\u00e1s, tambi\u00e9n puede gestionar el almac\u00e9n de cookies en su navegador a trav\u00e9s de herramientas como las siguientes:<\/span><\/p>\n<ul class=\"ul1\">\n<li class=\"li29\"><span class=\"s2\" style=\"color: #546eb4;\"><b>Your<\/b> <a style=\"color: #546eb4;\" href=\"http:\/\/www.youronlinechoices.com\/es\/\"><span class=\"s15\"><b>online<\/b><\/span><\/a> <b>choices<\/b><\/span><\/li>\n<li class=\"li29\"><span class=\"s14\" style=\"color: #546eb4;\"><a style=\"color: #546eb4;\" href=\"http:\/\/www.ghostery.com\/\"><span class=\"s13\"><b>Ghostery<\/b><\/span><\/a><\/span><\/li>\n<\/ul>\n<\/div>\n\t\t\t\t\t\t\t\t<\/div>\n\t\t\t\t<\/div>\n\t\t\t\t<div class=\"elementor-element elementor-element-9dbc171 elementor-widget elementor-widget-spacer\" data-id=\"9dbc171\" data-element_type=\"widget\" data-e-type=\"widget\" data-widget_type=\"spacer.default\">\n\t\t\t\t<div class=\"elementor-widget-container\">\n\t\t\t\t\t\t\t<div class=\"elementor-spacer\">\n\t\t\t<div class=\"elementor-spacer-inner\"><\/div>\n\t\t<\/div>\n\t\t\t\t\t\t<\/div>\n\t\t\t\t<\/div>\n\t\t\t\t\t<\/div>\n\t\t\t\t<\/div>\n\t\t\t\t<\/div>\n\t\t","protected":false},"excerpt":{"rendered":"<p>Pol\u00edtica de cookies Nuestro sitio web utiliza una tecnolog\u00eda llamada \u201ccookie\u201d, con el fin de poder obtener informaci\u00f3n sobre el uso del sitio web, mejorar la experiencia del usuario y garantizar su correcto funcionamiento. Definici\u00f3n de Cookie Una \u201ccookie\u201d es un peque\u00f1o fragmento de texto que los sitios web env\u00edan al navegador y que se [&hellip;]<\/p>\n","protected":false},"author":1,"featured_media":97,"parent":0,"menu_order":0,"comment_status":"closed","ping_status":"closed","template":"elementor_header_footer","meta":{"footnotes":""},"class_list":["post-766","page","type-page","status-publish","has-post-thumbnail","hentry"],"yoast_head":"<!-- This site is optimized with the Yoast SEO plugin v27.3 - https:\/\/yoast.com\/product\/yoast-seo-wordpress\/ -->\n<title>Odonto M\u00e8dic Girona - Pol\u00edtica de cookies<\/title>\n<meta name=\"description\" content=\"Consulta la pol\u00edtica de cookies de Odonto M\u00e8dic Girona. Descubre c\u00f3mo utilizamos las cookies para mejorar tu experiencia en nuestra web.\" \/>\n<meta name=\"robots\" content=\"index, follow, max-snippet:-1, max-image-preview:large, max-video-preview:-1\" \/>\n<link rel=\"canonical\" href=\"https:\/\/odontogirona.com\/es\/politica-de-cookies\/\" \/>\n<meta property=\"og:locale\" content=\"es_ES\" \/>\n<meta property=\"og:type\" content=\"article\" \/>\n<meta property=\"og:title\" content=\"Odonto M\u00e8dic Girona - Pol\u00edtica de cookies\" \/>\n<meta property=\"og:description\" content=\"Consulta la pol\u00edtica de cookies de Odonto M\u00e8dic Girona. Descubre c\u00f3mo utilizamos las cookies para mejorar tu experiencia en nuestra web.\" \/>\n<meta property=\"og:url\" content=\"https:\/\/odontogirona.com\/es\/politica-de-cookies\/\" \/>\n<meta property=\"og:site_name\" content=\"Odonto M\u00e8dic Girona\" \/>\n<meta property=\"article:publisher\" content=\"https:\/\/www.facebook.com\/p\/Odontomedic-Centre-odontolgic-Girona-100065433253294\/?locale=gl_ES\" \/>\n<meta property=\"article:modified_time\" content=\"2025-01-24T11:53:56+00:00\" \/>\n<meta property=\"og:image\" content=\"https:\/\/odontogirona.com\/wp-content\/uploads\/2024\/08\/ofontomedic-girona-simbol.webp\" \/>\n\t<meta property=\"og:image:width\" content=\"186\" \/>\n\t<meta property=\"og:image:height\" content=\"186\" \/>\n\t<meta property=\"og:image:type\" content=\"image\/webp\" \/>\n<meta name=\"twitter:card\" content=\"summary_large_image\" \/>\n<meta name=\"twitter:label1\" content=\"Tiempo de lectura\" \/>\n\t<meta name=\"twitter:data1\" content=\"6 minutos\" \/>\n<script type=\"application\/ld+json\" class=\"yoast-schema-graph\">{\"@context\":\"https:\\\/\\\/schema.org\",\"@graph\":[{\"@type\":\"WebPage\",\"@id\":\"https:\\\/\\\/odontogirona.com\\\/es\\\/politica-de-cookies\\\/\",\"url\":\"https:\\\/\\\/odontogirona.com\\\/es\\\/politica-de-cookies\\\/\",\"name\":\"Odonto M\u00e8dic Girona - Pol\u00edtica de cookies\",\"isPartOf\":{\"@id\":\"https:\\\/\\\/odontogirona.com\\\/es\\\/#website\"},\"primaryImageOfPage\":{\"@id\":\"https:\\\/\\\/odontogirona.com\\\/es\\\/politica-de-cookies\\\/#primaryimage\"},\"image\":{\"@id\":\"https:\\\/\\\/odontogirona.com\\\/es\\\/politica-de-cookies\\\/#primaryimage\"},\"thumbnailUrl\":\"https:\\\/\\\/odontogirona.com\\\/wp-content\\\/uploads\\\/2024\\\/08\\\/ofontomedic-girona-simbol.webp\",\"datePublished\":\"2024-10-17T06:37:01+00:00\",\"dateModified\":\"2025-01-24T11:53:56+00:00\",\"description\":\"Consulta la pol\u00edtica de cookies de Odonto M\u00e8dic Girona. Descubre c\u00f3mo utilizamos las cookies para mejorar tu experiencia en nuestra web.\",\"breadcrumb\":{\"@id\":\"https:\\\/\\\/odontogirona.com\\\/es\\\/politica-de-cookies\\\/#breadcrumb\"},\"inLanguage\":\"es\",\"potentialAction\":[{\"@type\":\"ReadAction\",\"target\":[\"https:\\\/\\\/odontogirona.com\\\/es\\\/politica-de-cookies\\\/\"]}]},{\"@type\":\"ImageObject\",\"inLanguage\":\"es\",\"@id\":\"https:\\\/\\\/odontogirona.com\\\/es\\\/politica-de-cookies\\\/#primaryimage\",\"url\":\"https:\\\/\\\/odontogirona.com\\\/wp-content\\\/uploads\\\/2024\\\/08\\\/ofontomedic-girona-simbol.webp\",\"contentUrl\":\"https:\\\/\\\/odontogirona.com\\\/wp-content\\\/uploads\\\/2024\\\/08\\\/ofontomedic-girona-simbol.webp\",\"width\":186,\"height\":186,\"caption\":\"S\u00edmbol blanc Centre Odontom\u00e8dic Girona\"},{\"@type\":\"BreadcrumbList\",\"@id\":\"https:\\\/\\\/odontogirona.com\\\/es\\\/politica-de-cookies\\\/#breadcrumb\",\"itemListElement\":[{\"@type\":\"ListItem\",\"position\":1,\"name\":\"Inici\",\"item\":\"https:\\\/\\\/odontogirona.com\\\/es\\\/inicio\\\/\"},{\"@type\":\"ListItem\",\"position\":2,\"name\":\"Pol\u00edtica de cookies\"}]},{\"@type\":\"WebSite\",\"@id\":\"https:\\\/\\\/odontogirona.com\\\/es\\\/#website\",\"url\":\"https:\\\/\\\/odontogirona.com\\\/es\\\/\",\"name\":\"Odonto M\u00e8dic. Centre Odotol\u00f2gic Girona\",\"description\":\"El teu centre odontol\u00f2gic a GIrona\",\"publisher\":{\"@id\":\"https:\\\/\\\/odontogirona.com\\\/es\\\/#organization\"},\"potentialAction\":[{\"@type\":\"SearchAction\",\"target\":{\"@type\":\"EntryPoint\",\"urlTemplate\":\"https:\\\/\\\/odontogirona.com\\\/es\\\/?s={search_term_string}\"},\"query-input\":{\"@type\":\"PropertyValueSpecification\",\"valueRequired\":true,\"valueName\":\"search_term_string\"}}],\"inLanguage\":\"es\"},{\"@type\":\"Organization\",\"@id\":\"https:\\\/\\\/odontogirona.com\\\/es\\\/#organization\",\"name\":\"Odonto M\u00e8dic, Centre Odotol\u00f2gic Girona\",\"url\":\"https:\\\/\\\/odontogirona.com\\\/es\\\/\",\"logo\":{\"@type\":\"ImageObject\",\"inLanguage\":\"es\",\"@id\":\"https:\\\/\\\/odontogirona.com\\\/es\\\/#\\\/schema\\\/logo\\\/image\\\/\",\"url\":\"https:\\\/\\\/odontogirona.com\\\/wp-content\\\/uploads\\\/2024\\\/08\\\/ofontomedic-girona-simbol.webp\",\"contentUrl\":\"https:\\\/\\\/odontogirona.com\\\/wp-content\\\/uploads\\\/2024\\\/08\\\/ofontomedic-girona-simbol.webp\",\"width\":186,\"height\":186,\"caption\":\"Odonto M\u00e8dic, Centre Odotol\u00f2gic Girona\"},\"image\":{\"@id\":\"https:\\\/\\\/odontogirona.com\\\/es\\\/#\\\/schema\\\/logo\\\/image\\\/\"},\"sameAs\":[\"https:\\\/\\\/www.facebook.com\\\/p\\\/Odontomedic-Centre-odontolgic-Girona-100065433253294\\\/?locale=gl_ES\",\"https:\\\/\\\/www.instagram.com\\\/odontogirona\\\/\"]}]}<\/script>\n<!-- \/ Yoast SEO plugin. -->","yoast_head_json":{"title":"Odonto M\u00e8dic Girona - Pol\u00edtica de cookies","description":"Consulta la pol\u00edtica de cookies de Odonto M\u00e8dic Girona. Descubre c\u00f3mo utilizamos las cookies para mejorar tu experiencia en nuestra web.","robots":{"index":"index","follow":"follow","max-snippet":"max-snippet:-1","max-image-preview":"max-image-preview:large","max-video-preview":"max-video-preview:-1"},"canonical":"https:\/\/odontogirona.com\/es\/politica-de-cookies\/","og_locale":"es_ES","og_type":"article","og_title":"Odonto M\u00e8dic Girona - Pol\u00edtica de cookies","og_description":"Consulta la pol\u00edtica de cookies de Odonto M\u00e8dic Girona. Descubre c\u00f3mo utilizamos las cookies para mejorar tu experiencia en nuestra web.","og_url":"https:\/\/odontogirona.com\/es\/politica-de-cookies\/","og_site_name":"Odonto M\u00e8dic Girona","article_publisher":"https:\/\/www.facebook.com\/p\/Odontomedic-Centre-odontolgic-Girona-100065433253294\/?locale=gl_ES","article_modified_time":"2025-01-24T11:53:56+00:00","og_image":[{"width":186,"height":186,"url":"https:\/\/odontogirona.com\/wp-content\/uploads\/2024\/08\/ofontomedic-girona-simbol.webp","type":"image\/webp"}],"twitter_card":"summary_large_image","twitter_misc":{"Tiempo de lectura":"6 minutos"},"schema":{"@context":"https:\/\/schema.org","@graph":[{"@type":"WebPage","@id":"https:\/\/odontogirona.com\/es\/politica-de-cookies\/","url":"https:\/\/odontogirona.com\/es\/politica-de-cookies\/","name":"Odonto M\u00e8dic Girona - Pol\u00edtica de cookies","isPartOf":{"@id":"https:\/\/odontogirona.com\/es\/#website"},"primaryImageOfPage":{"@id":"https:\/\/odontogirona.com\/es\/politica-de-cookies\/#primaryimage"},"image":{"@id":"https:\/\/odontogirona.com\/es\/politica-de-cookies\/#primaryimage"},"thumbnailUrl":"https:\/\/odontogirona.com\/wp-content\/uploads\/2024\/08\/ofontomedic-girona-simbol.webp","datePublished":"2024-10-17T06:37:01+00:00","dateModified":"2025-01-24T11:53:56+00:00","description":"Consulta la pol\u00edtica de cookies de Odonto M\u00e8dic Girona. Descubre c\u00f3mo utilizamos las cookies para mejorar tu experiencia en nuestra web.","breadcrumb":{"@id":"https:\/\/odontogirona.com\/es\/politica-de-cookies\/#breadcrumb"},"inLanguage":"es","potentialAction":[{"@type":"ReadAction","target":["https:\/\/odontogirona.com\/es\/politica-de-cookies\/"]}]},{"@type":"ImageObject","inLanguage":"es","@id":"https:\/\/odontogirona.com\/es\/politica-de-cookies\/#primaryimage","url":"https:\/\/odontogirona.com\/wp-content\/uploads\/2024\/08\/ofontomedic-girona-simbol.webp","contentUrl":"https:\/\/odontogirona.com\/wp-content\/uploads\/2024\/08\/ofontomedic-girona-simbol.webp","width":186,"height":186,"caption":"S\u00edmbol blanc Centre Odontom\u00e8dic Girona"},{"@type":"BreadcrumbList","@id":"https:\/\/odontogirona.com\/es\/politica-de-cookies\/#breadcrumb","itemListElement":[{"@type":"ListItem","position":1,"name":"Inici","item":"https:\/\/odontogirona.com\/es\/inicio\/"},{"@type":"ListItem","position":2,"name":"Pol\u00edtica de cookies"}]},{"@type":"WebSite","@id":"https:\/\/odontogirona.com\/es\/#website","url":"https:\/\/odontogirona.com\/es\/","name":"Odonto M\u00e8dic. Centre Odotol\u00f2gic Girona","description":"El teu centre odontol\u00f2gic a GIrona","publisher":{"@id":"https:\/\/odontogirona.com\/es\/#organization"},"potentialAction":[{"@type":"SearchAction","target":{"@type":"EntryPoint","urlTemplate":"https:\/\/odontogirona.com\/es\/?s={search_term_string}"},"query-input":{"@type":"PropertyValueSpecification","valueRequired":true,"valueName":"search_term_string"}}],"inLanguage":"es"},{"@type":"Organization","@id":"https:\/\/odontogirona.com\/es\/#organization","name":"Odonto M\u00e8dic, Centre Odotol\u00f2gic Girona","url":"https:\/\/odontogirona.com\/es\/","logo":{"@type":"ImageObject","inLanguage":"es","@id":"https:\/\/odontogirona.com\/es\/#\/schema\/logo\/image\/","url":"https:\/\/odontogirona.com\/wp-content\/uploads\/2024\/08\/ofontomedic-girona-simbol.webp","contentUrl":"https:\/\/odontogirona.com\/wp-content\/uploads\/2024\/08\/ofontomedic-girona-simbol.webp","width":186,"height":186,"caption":"Odonto M\u00e8dic, Centre Odotol\u00f2gic Girona"},"image":{"@id":"https:\/\/odontogirona.com\/es\/#\/schema\/logo\/image\/"},"sameAs":["https:\/\/www.facebook.com\/p\/Odontomedic-Centre-odontolgic-Girona-100065433253294\/?locale=gl_ES","https:\/\/www.instagram.com\/odontogirona\/"]}]}},"_links":{"self":[{"href":"https:\/\/odontogirona.com\/es\/wp-json\/wp\/v2\/pages\/766","targetHints":{"allow":["GET"]}}],"collection":[{"href":"https:\/\/odontogirona.com\/es\/wp-json\/wp\/v2\/pages"}],"about":[{"href":"https:\/\/odontogirona.com\/es\/wp-json\/wp\/v2\/types\/page"}],"author":[{"embeddable":true,"href":"https:\/\/odontogirona.com\/es\/wp-json\/wp\/v2\/users\/1"}],"replies":[{"embeddable":true,"href":"https:\/\/odontogirona.com\/es\/wp-json\/wp\/v2\/comments?post=766"}],"version-history":[{"count":1,"href":"https:\/\/odontogirona.com\/es\/wp-json\/wp\/v2\/pages\/766\/revisions"}],"predecessor-version":[{"id":767,"href":"https:\/\/odontogirona.com\/es\/wp-json\/wp\/v2\/pages\/766\/revisions\/767"}],"wp:featuredmedia":[{"embeddable":true,"href":"https:\/\/odontogirona.com\/es\/wp-json\/wp\/v2\/media\/97"}],"wp:attachment":[{"href":"https:\/\/odontogirona.com\/es\/wp-json\/wp\/v2\/media?parent=766"}],"curies":[{"name":"wp","href":"https:\/\/api.w.org\/{rel}","templated":true}]}}